{"id":29,"date":"2020-10-13T09:59:55","date_gmt":"2020-10-13T09:59:55","guid":{"rendered":"https:\/\/cosmeticoslaita.com\/afiliado\/?page_id=29"},"modified":"2020-10-13T09:59:55","modified_gmt":"2020-10-13T09:59:55","slug":"pagina-de-inicio","status":"publish","type":"page","link":"https:\/\/cosmeticoslaita.com\/afiliado\/","title":{"rendered":"P\u00e1gina de inicio"},"content":{"rendered":"\n<p>\u00a1Bienvenido a tu sitio! Esta es tu p\u00e1gina de inicio, que es la que la mayor\u00eda de visitantes ver\u00e1n cuando vengan a tu sitio por primera vez.<\/p>\n","protected":false},"excerpt":{"rendered":"<p>\u00a1Bienvenido a tu sitio! Esta es tu p\u00e1gina de inicio, que es la que la mayor\u00eda de visitantes ver\u00e1n cuando vengan a tu sitio por primera vez.<\/p>\n","protected":false},"author":1,"featured_media":0,"parent":0,"menu_order":0,"comment_status":"closed","ping_status":"closed","template":"template-fullwidth.php","meta":{"footnotes":""},"class_list":["post-29","page","type-page","status-publish","hentry"],"jetpack_sharing_enabled":true,"_links":{"self":[{"href":"https:\/\/cosmeticoslaita.com\/afiliado\/wp-json\/wp\/v2\/pages\/29","targetHints":{"allow":["GET"]}}],"collection":[{"href":"https:\/\/cosmeticoslaita.com\/afiliado\/wp-json\/wp\/v2\/pages"}],"about":[{"href":"https:\/\/cosmeticoslaita.com\/afiliado\/wp-json\/wp\/v2\/types\/page"}],"author":[{"embeddable":true,"href":"https:\/\/cosmeticoslaita.com\/afiliado\/wp-json\/wp\/v2\/users\/1"}],"replies":[{"embeddable":true,"href":"https:\/\/cosmeticoslaita.com\/afiliado\/wp-json\/wp\/v2\/comments?post=29"}],"version-history":[{"count":1,"href":"https:\/\/cosmeticoslaita.com\/afiliado\/wp-json\/wp\/v2\/pages\/29\/revisions"}],"predecessor-version":[{"id":44,"href":"https:\/\/cosmeticoslaita.com\/afiliado\/wp-json\/wp\/v2\/pages\/29\/revisions\/44"}],"wp:attachment":[{"href":"https:\/\/cosmeticoslaita.com\/afiliado\/wp-json\/wp\/v2\/media?parent=29"}],"curies":[{"name":"wp","href":"https:\/\/api.w.org\/{rel}","templated":true}]}}